{"id":4683,"date":"2024-03-20T11:47:02","date_gmt":"2024-03-20T10:47:02","guid":{"rendered":"https:\/\/www.danielandjacobs.com\/?page_id=4683"},"modified":"2026-04-19T10:05:56","modified_gmt":"2026-04-19T08:05:56","slug":"privacy-policy","status":"publish","type":"page","link":"https:\/\/www.danielandjacobs.com\/da\/privacy-policy\/","title":{"rendered":"Persondatapolitik"},"content":{"rendered":"<div data-elementor-type=\"wp-page\" data-elementor-id=\"4683\" class=\"elementor elementor-4683\" data-elementor-post-type=\"page\">\n\t\t\t\t<div class=\"elementor-element elementor-element-a9b2197 e-flex e-con-boxed e-con e-parent\" data-id=\"a9b2197\" data-element_type=\"container\" data-e-type=\"container\">\n\t\t\t\t\t<div class=\"e-con-inner\">\n\t\t<div class=\"elementor-element elementor-element-8650cb3 e-con-full e-flex e-con e-child\" data-id=\"8650cb3\" data-element_type=\"container\" data-e-type=\"container\">\n\t\t\t\t<div class=\"elementor-element elementor-element-b2a68a0 elementor-widget elementor-widget-text-editor\" data-id=\"b2a68a0\" data-element_type=\"widget\" data-e-type=\"widget\" data-widget_type=\"text-editor.default\">\n\t\t\t\t<div class=\"elementor-widget-container\">\n\t\t\t\t\t\t\t\t\t<p><strong>Persondatapolitik<\/strong><\/p><p>Daniel&amp;Jacob&#039;s ApS tilstr\u00e6ber at opretholde et h\u00f8jt sikkerhedsniveau for vores g\u00e6ster, kunder og medarbejdere \u2013 det g\u00e6lder ogs\u00e5 beskyttelse af persondata. Daniel&amp;Jacob&#039;s ApS \u00f8nsker at bruge denne politik til at informere alle parter om, hvordan vi h\u00e5ndterer personoplysninger og data.<\/p><p><strong>Datastyring<\/strong><\/p><p>Daniel&amp;Jacob&#039;s driver hotellejligheder flere steder i Danmark. <br \/>Daniel&amp;Jacob&#039;s er dataansvarlig i forhold til det personlige <br \/>oplysninger, som du overlader til os.<\/p><p>Vi kan kontaktes pr<\/p><p>Daniel&amp;Jacob's<br \/>Galionsvej 31<br \/>1437 K\u00f8benhavn<br \/>Telefon: +45 71 74 74 28<br \/>E-mail: service@danielandjacobs.com<\/p><p>CVR\/dansk virksomhedsnummer: DK33874340<\/p><p>Daniel&amp;Jacob&#039;s behandler persondata i overensstemmelse med det g\u00e6ldende <br \/>lov.<\/p><p>Daniel&amp;Jacob&#039;s har taget de n\u00f8dvendige skridt til at sikre, at Daniel&amp;Jacob&#039;s er i stand til at overholde g\u00e6ldende lovgivning, s\u00e5ledes at vi kan give g\u00e6sten den n\u00f8dvendige sikkerhed for, at de behandlede personoplysninger sker p\u00e5 en sikker og ansvarlig m\u00e5de.<\/p><p>N\u00e5r du bestiller en lejlighed hos os og indsender din personlige <br \/>oplysninger Daniel&amp;Jacob&#039;s accepterer at behandle dine personoplysninger i overensstemmelse med afsnit 6, stk. 1, i EU&#039;s generelle databeskyttelsesforordning.<\/p><p><strong>Hvordan indsamler Daniel&amp;Jacob&#039;s dine data?<\/strong><\/p><p>Du giver Daniel&amp;Jacob&#039;s direkte de fleste af de data, vi indsamler. Vi indsamler og behandler data, n\u00e5r du foretager en reservation hos os via vores hjemmeside danielandjacobs.com. Vi indsamler ogs\u00e5 personlige data, n\u00e5r du booker en lejlighed hos os gennem en tredjeparts bookingside s\u00e5som Booking.com, Expedia group eller AIRBNB. Daniel&amp;Jacob&#039;s indsamler ogs\u00e5 personlige oplysninger via browsercookies eller web beacons, n\u00e5r du bes\u00f8ger vores webside danielandjacobs.com<\/p><p><strong>Hvordan vil Daniel&amp;Jacobs bruge dine data?<\/strong><\/p><p>Daniel&amp;Jacob&#039;s indsamler dine data, s\u00e5 vi kan behandle din reservation og kontakte dig for at give dig indtjekningsoplysninger og holde kontakten under dit ophold hos os.<\/p><p>Hvis du har accepteret at modtage markedsf\u00f8ring fra os, vil vi ogs\u00e5 bruge dine data til kun at sende dig en e-mail med markedsf\u00f8ringsindsats fra Daniel&amp;Jacob&#039;s.<\/p><p>N\u00e5r Daniel&amp;Jacobs behandler din ordre og specifikt betaling, kan vi sende dine kreditkortoplysninger til vores kreditkortprocessor Stripe og PensoPay for at validere din betaling og bekr\u00e6fte din reservation. Vi vil holde dig underrettet om denne proces via e-mail.<\/p><p><strong>Hvordan opbevarer vi dine data?<\/strong><br \/>\u200d<br \/>Daniel&amp;Jacob&#039;s opbevarer dine data sikkert i vores PMS-system, der drives af Guesty, som ogs\u00e5 overholder og bekr\u00e6fter at operere i henhold til paragraf 6, stk. 1, i EU&#039;s generelle databeskyttelsesforordning.<\/p><p>Daniel&amp;Jacob&#039;s opbevarer dine kreditkortoplysninger indtil 14 dage efter check-in, efter at de automatisk er slettet. Vi gemmer dit navn, e-mailadresse, telefonnummer og land, hvis du har f\u00e5et det med os, indtil du skal informere os om at slette dette.<\/p><p><strong>Markedsf\u00f8ring<\/strong><br \/>\u200d<br \/>Daniel&amp;Jacob&#039;s vil gerne sende dig information om vores tilbud og tjenester, som vi tror, du kunne t\u00e6nke dig. Dette g\u00f8res kun, hvis du har sagt ja til at modtage markedsf\u00f8ring, og du kan altid melde dig ud p\u00e5 et senere tidspunkt.<\/p><p><strong>Hvad er dine databeskyttelsesrettigheder?<\/strong><br \/>\u200d<br \/>Daniel&amp;Jacob&#039;s vil gerne sikre dig, at du er fuldt ud klar over alle dine databeskyttelsesrettigheder:<\/p><p>Retten til adgang<br \/>Du har ret til at anmode vores virksomhed om kopier af dine personoplysninger. Vi kan opkr\u00e6ve et mindre gebyr for denne service.<\/p><p>Retten til berigtigelse<br \/>Du har ret til at anmode om, at Daniel&amp;Jacobs retter enhver information, du mener er un\u00f8jagtig. Du har ogs\u00e5 ret til at anmode Daniel&amp;Jacob&#039;s om at udfylde oplysninger, som du mener er ufuldst\u00e6ndige.<\/p><p>Retten til sletning<br \/>Du har ret til at anmode Daniel&amp;Jacob&#039;sInto This Place om at slette dine personlige data under visse betingelser.<\/p><p>Retten til at begr\u00e6nse behandlingen<br \/>Du har under visse betingelser ret til at g\u00f8re indsigelse mod Daniel&amp;Jacobs behandling af dine personoplysninger.<\/p><p>Hvis du frems\u00e6tter en anmodning, har vi en m\u00e5ned til at svare dig. Kontakt os venligst, hvis du \u00f8nsker at ud\u00f8ve nogen af disse rettigheder.<\/p><p>e-mail: service@danielandjacobs.com<br \/>telefon: +45 71 74 74 28<\/p>\t\t\t\t\t\t\t\t<\/div>\n\t\t\t\t<\/div>\n\t\t\t\t<div class=\"elementor-element elementor-element-4499664 elementor-widget elementor-widget-text-editor\" data-id=\"4499664\" data-element_type=\"widget\" data-e-type=\"widget\" id=\"cookies\" data-widget_type=\"text-editor.default\">\n\t\t\t\t<div class=\"elementor-widget-container\">\n\t\t\t\t\t\t\t\t\t<p><strong>Hvad er cookies?<\/strong><br \/>\u200d<br \/>Cookies er tekstfiler, der placeres p\u00e5 din computer for at indsamle standard internetlogoplysninger og oplysninger om bes\u00f8gendes adf\u00e6rd. N\u00e5r du bes\u00f8ger danielandjacobs.com kan vi automatisk indsamle oplysninger fra dig gennem cookies eller lignende teknologi.<\/p><p><strong>Hvordan bruger vi cookies?<\/strong><br \/>\u200d<br \/>Daniel&amp;Jacob&#039;s bruger cookies p\u00e5 en r\u00e6kke m\u00e5der for at forbedre din <br \/>erfaring p\u00e5 vores hjemmeside, herunder:<br \/>\u200d<br \/>\u2013 Holder dig logget ind.<br \/>\u2013 Forst\u00e5 hvordan du bruger vores hjemmeside<br \/>\u2013 Gemmer dine data for at vende tilbage til samme side.<\/p><p><strong>S\u00e5dan administrerer du cookies<\/strong><\/p><p>Du kan indstille din browser til ikke at acceptere cookies, og du kan ogs\u00e5 slette cookies i din browsers pr\u00e6ferencer, efter du har bes\u00f8gt <br \/>danielandjacobs.com<\/p><p><strong>S\u00e5dan kontakter du os<\/strong><br \/>\u200d<br \/>Hvis du har sp\u00f8rgsm\u00e5l om vores privatlivspolitik, de data, vi har om dig eller \u00f8nsker at ud\u00f8ve en af dine databeskyttelsesrettigheder, bedes du kontakte os:<\/p><p>e-mail: service@danielandjacobs.com<br \/>telefon: +45 71 74 74 28<\/p>\t\t\t\t\t\t\t\t<\/div>\n\t\t\t\t<\/div>\n\t\t\t\t<\/div>\n\t\t\t\t\t<\/div>\n\t\t\t\t<\/div>\n\t\t<div class=\"elementor-element elementor-element-e93ea0c e-flex e-con-boxed e-con e-parent\" data-id=\"e93ea0c\" data-element_type=\"container\" data-e-type=\"container\">\n\t\t\t\t\t<div class=\"e-con-inner\">\n\t\t\t\t<div class=\"elementor-element elementor-element-95ddc15 elementor-widget elementor-widget-spacer\" data-id=\"95ddc15\" data-element_type=\"widget\" data-e-type=\"widget\" data-widget_type=\"spacer.default\">\n\t\t\t\t<div class=\"elementor-widget-container\">\n\t\t\t\t\t\t\t<div class=\"elementor-spacer\">\n\t\t\t<div class=\"elementor-spacer-inner\"><\/div>\n\t\t<\/div>\n\t\t\t\t\t\t<\/div>\n\t\t\t\t<\/div>\n\t\t\t\t\t<\/div>\n\t\t\t\t<\/div>\n\t\t\t\t<\/div>","protected":false},"excerpt":{"rendered":"<p>Privacy policy Daniel&amp;Jacob\u2019s ApS aims to maintain a high level of security for our guests, customers and employees &#8211; this applies aswell to the protection of personal data. Daniel&amp;Jacob\u2019s ApS wants to use this policy to inform all parties how we handle personal information and data. Data Management Daniel&amp;Jacob\u2019s runs hotel apartments in several locations [&hellip;]<\/p>\n","protected":false},"author":3,"featured_media":0,"parent":0,"menu_order":0,"comment_status":"closed","ping_status":"closed","template":"","meta":{"footnotes":""},"class_list":["post-4683","page","type-page","status-publish","hentry"],"_links":{"self":[{"href":"https:\/\/www.danielandjacobs.com\/da\/wp-json\/wp\/v2\/pages\/4683","targetHints":{"allow":["GET"]}}],"collection":[{"href":"https:\/\/www.danielandjacobs.com\/da\/wp-json\/wp\/v2\/pages"}],"about":[{"href":"https:\/\/www.danielandjacobs.com\/da\/wp-json\/wp\/v2\/types\/page"}],"author":[{"embeddable":true,"href":"https:\/\/www.danielandjacobs.com\/da\/wp-json\/wp\/v2\/users\/3"}],"replies":[{"embeddable":true,"href":"https:\/\/www.danielandjacobs.com\/da\/wp-json\/wp\/v2\/comments?post=4683"}],"version-history":[{"count":19,"href":"https:\/\/www.danielandjacobs.com\/da\/wp-json\/wp\/v2\/pages\/4683\/revisions"}],"predecessor-version":[{"id":9021,"href":"https:\/\/www.danielandjacobs.com\/da\/wp-json\/wp\/v2\/pages\/4683\/revisions\/9021"}],"wp:attachment":[{"href":"https:\/\/www.danielandjacobs.com\/da\/wp-json\/wp\/v2\/media?parent=4683"}],"curies":[{"name":"wp","href":"https:\/\/api.w.org\/{rel}","templated":true}]}}