{"id":8248,"date":"2025-12-01T14:30:38","date_gmt":"2025-12-01T13:30:38","guid":{"rendered":"https:\/\/www.danielandjacobs.com\/?page_id=8248"},"modified":"2025-12-02T13:02:34","modified_gmt":"2025-12-02T12:02:34","slug":"operations-housekeeping-coordinator","status":"publish","type":"page","link":"https:\/\/www.danielandjacobs.com\/da\/operations-housekeeping-coordinator\/","title":{"rendered":"Job Drift &amp; Reng\u00f8ringskoordinator"},"content":{"rendered":"<div data-elementor-type=\"wp-page\" data-elementor-id=\"8248\" class=\"elementor elementor-8248\" data-elementor-post-type=\"page\">\n\t\t\t\t<div class=\"elementor-element elementor-element-2412d2b elementor-hidden-tablet elementor-hidden-mobile e-flex e-con-boxed e-con e-parent\" data-id=\"2412d2b\" data-element_type=\"container\" data-e-type=\"container\">\n\t\t\t\t\t<div class=\"e-con-inner\">\n\t\t<div class=\"elementor-element elementor-element-3520046 e-con-full e-flex e-con e-child\" data-id=\"3520046\" data-element_type=\"container\" data-e-type=\"container\" data-settings=\"{&quot;background_background&quot;:&quot;classic&quot;}\">\n\t\t\t\t<div class=\"elementor-element elementor-element-c5a327a elementor-widget__width-initial elementor-widget elementor-widget-heading\" data-id=\"c5a327a\" data-element_type=\"widget\" data-e-type=\"widget\" data-widget_type=\"heading.default\">\n\t\t\t\t<div class=\"elementor-widget-container\">\n\t\t\t\t\t<h1 class=\"elementor-heading-title elementor-size-default\"><br><br><br><br><br><br><br>Ledige jobs<\/h1>\t\t\t\t<\/div>\n\t\t\t\t<\/div>\n\t\t\t\t<\/div>\n\t\t\t\t\t<\/div>\n\t\t\t\t<\/div>\n\t\t<div class=\"elementor-element elementor-element-d00261d e-flex e-con-boxed e-con e-parent\" data-id=\"d00261d\" data-element_type=\"container\" data-e-type=\"container\">\n\t\t\t\t\t<div class=\"e-con-inner\">\n\t\t<div class=\"elementor-element elementor-element-3d8aeb2 e-flex e-con-boxed e-con e-child\" data-id=\"3d8aeb2\" data-element_type=\"container\" data-e-type=\"container\" data-settings=\"{&quot;background_background&quot;:&quot;classic&quot;}\">\n\t\t\t\t\t<div class=\"e-con-inner\">\n\t\t\t\t<div class=\"elementor-element elementor-element-54e1a3f elementor-widget__width-initial elementor-widget elementor-widget-text-editor\" data-id=\"54e1a3f\" data-element_type=\"widget\" data-e-type=\"widget\" data-widget_type=\"text-editor.default\">\n\t\t\t\t<div class=\"elementor-widget-container\">\n\t\t\t\t\t\t\t\t\t<h3 class=\"p1\" style=\"text-align: left;\"><b>Er du vores nye drifts- og reng\u00f8ringskoordinator?<\/b><\/h3>\t\t\t\t\t\t\t\t<\/div>\n\t\t\t\t<\/div>\n\t\t\t\t<div class=\"elementor-element elementor-element-17a4d9d elementor-widget__width-initial elementor-widget elementor-widget-text-editor\" data-id=\"17a4d9d\" data-element_type=\"widget\" data-e-type=\"widget\" data-widget_type=\"text-editor.default\">\n\t\t\t\t<div class=\"elementor-widget-container\">\n\t\t\t\t\t\t\t\t\t<p class=\"p1\" style=\"text-align: left;\">K\u00f8benhavns- og Aarhus-baserede <b>Daniel &amp; Jacobs<\/b> s\u00f8ger en fuldtidsmedarbejder til at holde vores lagerrum p\u00e6ne, vores linned i orden og vores lejligheder g\u00e6steklare \u2014 lige fra lagerbeholdning og pakning til leverancer, v\u00e6relsestjek og koordinering med entrepren\u00f8rer. <br \/>Med over 250 enheder i drift og adskillige nye &quot;fritst\u00e5ende&quot; lejligheder og lejlighedshoteller i st\u00f8beskeen er dette en chance for at holde maskinrummet i en voksende hotel- og restaurationsvirksomhed k\u00f8rende problemfrit hver dag.<\/p><p class=\"p2\" style=\"text-align: left;\"><span style=\"text-decoration: underline;\"><strong><br \/>Hvad du skal lave:<br \/><br \/><\/strong><\/span><\/p><p class=\"p3\" style=\"text-align: left;\"><strong>Opbevaring og lagerbeholdning<\/strong><\/p><p class=\"p1\" style=\"text-align: left;\">\u25cf Hold opbevaringspladsen organiseret og m\u00e6rket til senget\u00f8j, g\u00e6steartikler og reservedele.<\/p><p class=\"p1\" style=\"text-align: left;\">\u25cf Spor og genopfyld lagerbeholdninger<\/p><p class=\"p1\" style=\"text-align: left;\">\u25cf K\u00f8r opt\u00e6llinger og vedligehold overskuelige lageropg\u00f8relser.<\/p><p class=\"p3\" style=\"text-align: left;\"><strong><br \/>H\u00e5ndtering af linned<\/strong><\/p><p class=\"p1\" style=\"text-align: left;\">\u25cf Pak, sorter og sorter linneds\u00e6t pr. enhed\/st\u00f8rrelse; h\u00e5ndter returneringer og beskadiget lager.<\/p><p class=\"p1\" style=\"text-align: left;\">\u25cf Koordiner afhentninger og returneringer med vaskeripartnere; overv\u00e5g kvalitet og mangler.<\/p><p class=\"p3\" style=\"text-align: left;\"><br \/>Logistik og leverancer<\/p><p class=\"p1\" style=\"text-align: left;\">\u25cf Planl\u00e6g leveringsruter; transport\u00e9r linned, faciliteter og udstyr mellem lokationer.<\/p><p class=\"p1\" style=\"text-align: left;\">\u25cf S\u00f8rg for rettidig aflevering i overensstemmelse med indtjeknings-\/afleveringsfristerne.<\/p><p class=\"p3\" style=\"text-align: left;\"><b><br \/><\/b>Rumtilsyn og kvalitetskontrol<\/p><p class=\"p1\" style=\"text-align: left;\">\u25cf Udf\u00f8r stikpr\u00f8vekontrol af lejligheder for at verificere reng\u00f8ringsstandarder og -ops\u00e6tninger.<\/p><p class=\"p1\" style=\"text-align: left;\">\u25cf Mark\u00e9r vedligeholdelsesproblemer eller manglende elementer, og s\u00f8rg for hurtig l\u00f8sning.<\/p><p class=\"p1\" style=\"text-align: left;\">\u25cf St\u00f8t op p\u00e5 travle ekspeditionsdage, n\u00e5r det er n\u00f8dvendigt.<\/p><p class=\"p3\" style=\"text-align: left;\"><b><br \/><\/b>Koordinering af reng\u00f8ringsleverand\u00f8rer<\/p><p class=\"p1\" style=\"text-align: left;\">\u25cf Fungere som daglig kontaktperson for eksterne reng\u00f8ringsfirmaer.<\/p><p class=\"p1\" style=\"text-align: left;\">\u25cf Del tidsplaner, n\u00f8gle-\/adgangsoplysninger og kvalitetsforventninger.<\/p><p class=\"p1\" style=\"text-align: left;\">\u25cf Eskaler problemer, log opf\u00f8lgninger og spor ydeevne.<br \/><br \/><\/p><p style=\"text-align: left;\"><span class=\"s1\">G\u00e6ste- og teamsupport<\/span><\/p><p class=\"p1\" style=\"text-align: left;\">\u25cf Levere varer eller yde assistance direkte til g\u00e6ster efter behov.<\/p><p class=\"p1\" style=\"text-align: left;\">\u25cf H\u00e5ndter simple g\u00e6steforesp\u00f8rgsler p\u00e5 stedet for at sikre en problemfri oplevelse.<\/p><p class=\"p1\" style=\"text-align: left;\">\u25cf Hj\u00e6lp med mindre vedligeholdelsesopgaver<\/p><p class=\"p1\" style=\"text-align: left;\">\u25cf Arbejd t\u00e6t sammen med vores kommunikations-, vedligeholdelses- og reng\u00f8ringsteams for at afstemme prioriteter og l\u00f8se problemer hurtigt.<\/p><p class=\"p3\" style=\"text-align: left;\"><b><br \/><\/b>Dokumentation og arbejdsrutiner<\/p><p class=\"p1\" style=\"text-align: left;\">\u25cf Hold leveringslogge og tjeklister opdaterede.<\/p><p class=\"p1\" style=\"text-align: left;\">\u25cf Hj\u00e6lp med at finpudse og f\u00f8lge klare rutiner (\u201chvordan vi g\u00f8r tingene\u201d) for at g\u00f8re driften mere problemfri.<\/p><p class=\"p2\" style=\"text-align: left;\"><b><br \/><\/b><span style=\"text-decoration: underline;\"><strong>Hvad vi forventer af dig<\/strong><\/span><\/p><p class=\"p1\" style=\"text-align: left;\">\u25cf Erfaring fra hotel- og restaurationsbranchen, reng\u00f8ring\/logistik, faciliteter eller lignende.<\/p><p class=\"p1\" style=\"text-align: left;\">\u25cf St\u00e6rk organisering og sans for detaljer; du elsker ryddelige opbevaringsl\u00f8sninger og tydelige etiketter.<\/p><p class=\"p1\" style=\"text-align: left;\">\u25cf Gyldigt k\u00f8rekort og komfortabel k\u00f8rsel i byen.<\/p><p class=\"p1\" style=\"text-align: left;\">\u25cf Komfortabel med en fysisk aktiv arbejdsdag, herunder l\u00f8ft og flytning, b\u00e6ring af genstande (f.eks. linnedposer, kasser, udstyr).<\/p><p class=\"p1\" style=\"text-align: left;\">\u25cf Grundl\u00e6ggende regnearksf\u00e6rdigheder (Google Sheets\/Excel) til lagerstyring og tjeklister.\u00a0<\/p><p class=\"p1\" style=\"text-align: left;\">\u25cf Fleksibel og tilg\u00e6ngelig, men planl\u00e6g og udf\u00f8r de fleste af dine daglige funktioner selv.<\/p><p class=\"p1\" style=\"text-align: left;\">\u25cf Smilende, \u00e5ben og glad for at hj\u00e6lpe andre.<\/p><p class=\"p1\" style=\"text-align: left;\">\u25cf Ikke bange for at p\u00e5tage sig forskellige opgaver og koordinere i forskellige situationer<\/p><p class=\"p1\" style=\"text-align: left;\">\u25cf Vant til at arbejde med forskellige IT-l\u00f8sninger.<\/p><p class=\"p1\" style=\"text-align: left;\">\u25cf Flydende engelsk.<\/p><p class=\"p2\" style=\"text-align: left;\"><b><br \/><\/b><span style=\"text-decoration: underline;\"><strong>Hvad du f\u00e5r<\/strong><\/span><\/p><p class=\"p1\" style=\"text-align: left;\">\u25cf Frihed under ansvar i en hurtigt voksende, familieejet hotel- og restaurationsvirksomhed.<\/p><p class=\"p1\" style=\"text-align: left;\">\u25cf Reelt ejerskab over den daglige drift, som g\u00e6sterne f\u00f8ler med det samme.<\/p><p class=\"p1\" style=\"text-align: left;\">\u25cf Gode kolleger, et sundt tempo og plads til at udvikle sig.<\/p><p class=\"p1\" style=\"text-align: left;\">\u25cf Telefon, fitness og b\u00e6rbar computer.<\/p><p class=\"p1\" style=\"text-align: left;\">\u25cf Konkurrencedygtig fuldtidsl\u00f8n.<\/p><p class=\"p2\" style=\"text-align: left;\"><b><br \/>Om Daniel &amp; Jacobs<\/b><\/p><p class=\"p1\" style=\"text-align: left;\">Daniel &amp; Jacobs blev grundlagt i 2015 og driver mere end 250 fuldt udstyrede hotellejligheder og studiolejligheder i K\u00f8benhavn og Aarhus. Vi er i konstant v\u00e6kst med flere nye lejlighedshoteller p\u00e5 vej. Vores mission er at blande lokalt design, smart drift og varm g\u00e6stfrihed - et b\u00e6redygtigt alternativ til sm\u00e5 hotelv\u00e6relser og sparsommelige korttidslejem\u00e5l.<\/p><p class=\"p2\" style=\"text-align: left;\"><b><br \/>Anvende<\/b><\/p><p class=\"p1\" style=\"text-align: left;\">Send din ans\u00f8gning\/CV til <b>job@danielandjacobs.com<\/b> med emne <b>\u201c&quot;Operationer &amp; <\/b><b>Reng\u00f8ringskoordinator\u201d<\/b><\/p>\t\t\t\t\t\t\t\t<\/div>\n\t\t\t\t<\/div>\n\t\t\t\t\t<\/div>\n\t\t\t\t<\/div>\n\t\t\t\t\t<\/div>\n\t\t\t\t<\/div>\n\t\t<div class=\"elementor-element elementor-element-4c12568 e-flex e-con-boxed e-con e-parent\" data-id=\"4c12568\" data-element_type=\"container\" data-e-type=\"container\">\n\t\t\t\t\t<div class=\"e-con-inner\">\n\t\t\t\t\t<\/div>\n\t\t\t\t<\/div>\n\t\t\t\t<\/div>","protected":false},"excerpt":{"rendered":"<p>Join the team Are you our new Operations &amp; Housekeeping Coordinator? Copenhagen- and Aarhus-based Daniel &amp; Jacobs is looking for a full-time colleague to keep our storages sharp, our linens flowing, and our apartments guest-ready \u2014 from inventory and packing to deliveries, room checks, and contractor coordination. With 250+ units in operation and multiple new [&hellip;]<\/p>\n","protected":false},"author":2,"featured_media":0,"parent":0,"menu_order":0,"comment_status":"closed","ping_status":"closed","template":"","meta":{"footnotes":""},"class_list":["post-8248","page","type-page","status-publish","hentry"],"_links":{"self":[{"href":"https:\/\/www.danielandjacobs.com\/da\/wp-json\/wp\/v2\/pages\/8248","targetHints":{"allow":["GET"]}}],"collection":[{"href":"https:\/\/www.danielandjacobs.com\/da\/wp-json\/wp\/v2\/pages"}],"about":[{"href":"https:\/\/www.danielandjacobs.com\/da\/wp-json\/wp\/v2\/types\/page"}],"author":[{"embeddable":true,"href":"https:\/\/www.danielandjacobs.com\/da\/wp-json\/wp\/v2\/users\/2"}],"replies":[{"embeddable":true,"href":"https:\/\/www.danielandjacobs.com\/da\/wp-json\/wp\/v2\/comments?post=8248"}],"version-history":[{"count":20,"href":"https:\/\/www.danielandjacobs.com\/da\/wp-json\/wp\/v2\/pages\/8248\/revisions"}],"predecessor-version":[{"id":8292,"href":"https:\/\/www.danielandjacobs.com\/da\/wp-json\/wp\/v2\/pages\/8248\/revisions\/8292"}],"wp:attachment":[{"href":"https:\/\/www.danielandjacobs.com\/da\/wp-json\/wp\/v2\/media?parent=8248"}],"curies":[{"name":"wp","href":"https:\/\/api.w.org\/{rel}","templated":true}]}}