{"id":8267,"date":"2025-12-02T11:34:03","date_gmt":"2025-12-02T10:34:03","guid":{"rendered":"https:\/\/www.danielandjacobs.com\/?page_id=8267"},"modified":"2025-12-02T11:39:21","modified_gmt":"2025-12-02T10:39:21","slug":"job-reservations-success-manager","status":"publish","type":"page","link":"https:\/\/www.danielandjacobs.com\/da\/job-reservations-success-manager\/","title":{"rendered":"Job Reservations &#038; Success Manager"},"content":{"rendered":"<div data-elementor-type=\"wp-page\" data-elementor-id=\"8267\" class=\"elementor elementor-8267\" data-elementor-post-type=\"page\">\n\t\t\t\t<div class=\"elementor-element elementor-element-2412d2b elementor-hidden-tablet elementor-hidden-mobile e-flex e-con-boxed e-con e-parent\" data-id=\"2412d2b\" data-element_type=\"container\" data-e-type=\"container\">\n\t\t\t\t\t<div class=\"e-con-inner\">\n\t\t<div class=\"elementor-element elementor-element-3520046 e-con-full e-flex e-con e-child\" data-id=\"3520046\" data-element_type=\"container\" data-e-type=\"container\" data-settings=\"{&quot;background_background&quot;:&quot;classic&quot;}\">\n\t\t\t\t<div class=\"elementor-element elementor-element-c5a327a elementor-widget__width-initial elementor-widget elementor-widget-heading\" data-id=\"c5a327a\" data-element_type=\"widget\" data-e-type=\"widget\" data-widget_type=\"heading.default\">\n\t\t\t\t<div class=\"elementor-widget-container\">\n\t\t\t\t\t<h1 class=\"elementor-heading-title elementor-size-default\"><br><br><br><br><br><br><br>Ledige jobs<\/h1>\t\t\t\t<\/div>\n\t\t\t\t<\/div>\n\t\t\t\t<\/div>\n\t\t\t\t\t<\/div>\n\t\t\t\t<\/div>\n\t\t<div class=\"elementor-element elementor-element-d00261d e-flex e-con-boxed e-con e-parent\" data-id=\"d00261d\" data-element_type=\"container\" data-e-type=\"container\">\n\t\t\t\t\t<div class=\"e-con-inner\">\n\t\t<div class=\"elementor-element elementor-element-3d8aeb2 e-flex e-con-boxed e-con e-child\" data-id=\"3d8aeb2\" data-element_type=\"container\" data-e-type=\"container\" data-settings=\"{&quot;background_background&quot;:&quot;classic&quot;}\">\n\t\t\t\t\t<div class=\"e-con-inner\">\n\t\t\t\t<div class=\"elementor-element elementor-element-54e1a3f elementor-widget__width-initial elementor-widget elementor-widget-text-editor\" data-id=\"54e1a3f\" data-element_type=\"widget\" data-e-type=\"widget\" data-widget_type=\"text-editor.default\">\n\t\t\t\t<div class=\"elementor-widget-container\">\n\t\t\t\t\t\t\t\t\t<h3 class=\"p1\" style=\"text-align: left;\">Er du vores nye Reservations- og Success Manager?<\/h3>\t\t\t\t\t\t\t\t<\/div>\n\t\t\t\t<\/div>\n\t\t\t\t<div class=\"elementor-element elementor-element-17a4d9d elementor-widget__width-initial elementor-widget elementor-widget-text-editor\" data-id=\"17a4d9d\" data-element_type=\"widget\" data-e-type=\"widget\" data-widget_type=\"text-editor.default\">\n\t\t\t\t<div class=\"elementor-widget-container\">\n\t\t\t\t\t\t\t\t\t<p class=\"p2\" style=\"text-align: left;\"><i>K\u00f8benhavn \u2013 Fuldtid \u2013 (Barselsvikariat)\u00a0<\/i><\/p><p class=\"p2\" style=\"text-align: left;\">Daniel &amp; Jacob&#039;s Apartments s\u00f8ger en fuldtidsmedarbejder til at blive vikar under barsel \u2013 med mulighed for at forts\u00e6tte ud over den indledende periode, hvis nye muligheder opst\u00e5r. Du vil v\u00e6re hjertet i vores g\u00e6stekommunikation og den person, der sikrer problemfri, varme og mindev\u00e6rdige ophold hver eneste dag.<\/p><p class=\"p2\" style=\"text-align: left;\">Hvis udsagnene nedenfor lyder som dig, vil vi meget gerne m\u00f8de dig:<\/p><p class=\"p3\" style=\"text-align: left;\"><strong><span style=\"text-decoration: underline;\"><br \/>Du er en person, der: <\/span><\/strong><\/p><p class=\"p2\" style=\"text-align: left;\">\u25cf Har en passion for g\u00e6stfrihed og kundeservice<\/p><p class=\"p2\" style=\"text-align: left;\">\u25cf Bringer en positiv indstilling og masser af solskin med p\u00e5 arbejdet hver dag<\/p><p class=\"p2\" style=\"text-align: left;\">\u25cf Nyder at g\u00f8re en ekstra indsats for at skabe fremragende g\u00e6steoplevelser<\/p><p class=\"p2\" style=\"text-align: left;\">\u25cf Trives med fleksibilitet og nyder at planl\u00e6gge dine egne daglige opgaver<\/p><p class=\"p2\" style=\"text-align: left;\">\u25cf Er ambiti\u00f8s, nysgerrig og motiveret til at vokse i et hurtigt udviklende milj\u00f8<\/p><p class=\"p2\" style=\"text-align: left;\">\u25cf Tror p\u00e5 frihed under ansvar \u2013 ligesom vi g\u00f8r<\/p><p class=\"p5\" style=\"text-align: left;\"><span style=\"text-decoration: underline;\"><b><br \/>Om Daniel &amp; Jacobs <\/b><\/span><\/p><p class=\"p2\" style=\"text-align: left;\">Daniel &amp; Jacob&#039;s blev grundlagt i 2015 og er en familieejet virksomhed, der driver hotellejligheder og studiolejligheder. Med personlig service, lokale oplevelser og tilpasningsdygtig drift tilbyder vi et b\u00e6redygtigt alternativ til sm\u00e5 hotelv\u00e6relser og uforudsigelige korttidsudlejninger.<\/p><p class=\"p2\" style=\"text-align: left;\">Vi driver i \u00f8jeblikket over 200 enheder og lejligheder i K\u00f8benhavn og Aarhus \u2013 og vi udvider l\u00f8bende. Vi er agile, nysgerrige og stolte af at opretholde en sund og positiv arbejdskultur.<\/p><p class=\"p2\" style=\"text-align: left;\">Se mere her \u2192 <a href=\"http:\/\/about\" data-wplink-url-error=\"true\"><i>danielandjacobs.com \/ Om os <\/i><\/a><\/p><p class=\"p5\" style=\"text-align: left;\"><span style=\"text-decoration: underline;\"><b><br \/>Hvad du skal lave <\/b><\/span><\/p><p class=\"p2\" style=\"text-align: left;\">Ingen to dage er ens, men du kan forvente at:<\/p><p class=\"p2\" style=\"text-align: left;\">\u25cf H\u00e5ndtere daglig kommunikation med g\u00e6ster via e-mail, beskeder, telefon og personligt<\/p><p class=\"p2\" style=\"text-align: left;\">\u25cf Konverter foresp\u00f8rgsler til reservationer gennem venlig og proaktiv service<\/p><p class=\"p2\" style=\"text-align: left;\">\u25cf Forbered g\u00e6sternes ophold, inklusive s\u00e6rlige \u00f8nsker eller arrangementer<\/p><p class=\"p2\" style=\"text-align: left;\">\u25cf Hj\u00e6lp med at l\u00f8se problemer og vende potentielle negative oplevelser til positive<\/p><p class=\"p2\" style=\"text-align: left;\">\u25cf Koordinere med tekniker-, reservations- og driftsteams<\/p><p class=\"p2\" style=\"text-align: left;\">\u25cf Udvikle og implementere tilf\u00f8jelser og sm\u00e5 luksusdetaljer til g\u00e6ster<\/p><p class=\"p2\" style=\"text-align: left;\">\u25cf Opdater og overv\u00e5g bookingkanaler som Booking.com, Airbnb og Expedia<\/p><p class=\"p2\" style=\"text-align: left;\">\u25cf Analyser anmeldelser og feedback, og forbered nyttige pr\u00e6stationsindsigter<br \/><br \/><\/p><p class=\"p5\" style=\"text-align: left;\"><span style=\"text-decoration: underline;\"><b>Hvad vi forventer af dig <\/b><\/span><\/p><p class=\"p2\" style=\"text-align: left;\">Vi byder ans\u00f8gere fra mange forskellige baggrunde velkommen \u2013 hvis du kan sige ja til de fleste af nedenst\u00e5ende sp\u00f8rgsm\u00e5l, vil vi meget gerne h\u00f8re fra dig:<\/p><p class=\"p2\" style=\"text-align: left;\">\u25cf Erfaring fra hoteller, lejlighedshoteller, Airbnb-v\u00e6rt eller lignende stillinger med g\u00e6stekontakt<\/p><p class=\"p2\" style=\"text-align: left;\">\u25cf Flydende engelsk (dansk og andre sprog er en fordel)<\/p><p class=\"p2\" style=\"text-align: left;\">\u25cf Kan arbejde selvst\u00e6ndigt og planl\u00e6gge din egen dag<\/p><p class=\"p2\" style=\"text-align: left;\">\u25cf Bekvem med at navigere i forskellige IT-systemer og digitale v\u00e6rkt\u00f8jer Godt kendskab til K\u00f8benhavn og hvad der sker i byen<\/p><p class=\"p5\" style=\"text-align: left;\"><b><br \/><span style=\"text-decoration: underline;\">Hvad du f\u00e5r <\/span><\/b><\/p><p class=\"p2\" style=\"text-align: left;\">\u25cf Frihed under ansvar<\/p><p class=\"p2\" style=\"text-align: left;\">\u25cf Telefon, b\u00e6rbar computer og cykel<\/p><p class=\"p2\" style=\"text-align: left;\">\u25cf Et intelligent, varmt og ambiti\u00f8st team af kolleger<\/p><p class=\"p2\" style=\"text-align: left;\">\u25cf Konkurrencedygtig fuldtidsl\u00f8n<\/p><p class=\"p2\" style=\"text-align: left;\">\u25cf En meningsfuld rolle i en voksende hotel- og restaurationsvirksomhed<br \/><br \/><\/p><p class=\"p2\" style=\"text-align: left;\"><span class=\"s2\">\ud83c\udf7c <\/span><b>Dette er en barselsvikariat (barselsperiode) <\/b>Varighed: cirka 12 m\u00e5neder. Hvis muligheder opst\u00e5r, og det er et godt match, forts\u00e6tter vi gerne ans\u00e6ttelsen efter vikarperioden.<br \/><br \/><\/p><p class=\"p5\" style=\"text-align: left;\"><span style=\"text-decoration: underline;\"><b>Anvende <\/b><\/span><\/p><p class=\"p2\" style=\"text-align: left;\">Send din ans\u00f8gning\/CV til <b>job@danielandjacobs.com <\/b>med emne <b>\u201c&quot;Reservationssucceschef&quot;\u201d<\/b>.<\/p>\t\t\t\t\t\t\t\t<\/div>\n\t\t\t\t<\/div>\n\t\t\t\t\t<\/div>\n\t\t\t\t<\/div>\n\t\t\t\t\t<\/div>\n\t\t\t\t<\/div>\n\t\t<div class=\"elementor-element elementor-element-4c12568 e-flex e-con-boxed e-con e-parent\" data-id=\"4c12568\" data-element_type=\"container\" data-e-type=\"container\">\n\t\t\t\t\t<div class=\"e-con-inner\">\n\t\t\t\t\t<\/div>\n\t\t\t\t<\/div>\n\t\t\t\t<\/div>","protected":false},"excerpt":{"rendered":"<p>Join the team Are you our new Reservations &amp; Success Manager? Copenhagen &#8211; Full-time &#8211; (Maternity Cover)\u00a0 Daniel &amp; Jacob\u2019s Apartments is looking for a full-time colleague to join us as a maternity cover &#8211; with the potential to continue beyond the initial period if new opportunities arise. You will be the heart of our [&hellip;]<\/p>\n","protected":false},"author":2,"featured_media":0,"parent":0,"menu_order":0,"comment_status":"closed","ping_status":"closed","template":"","meta":{"footnotes":""},"class_list":["post-8267","page","type-page","status-publish","hentry"],"_links":{"self":[{"href":"https:\/\/www.danielandjacobs.com\/da\/wp-json\/wp\/v2\/pages\/8267","targetHints":{"allow":["GET"]}}],"collection":[{"href":"https:\/\/www.danielandjacobs.com\/da\/wp-json\/wp\/v2\/pages"}],"about":[{"href":"https:\/\/www.danielandjacobs.com\/da\/wp-json\/wp\/v2\/types\/page"}],"author":[{"embeddable":true,"href":"https:\/\/www.danielandjacobs.com\/da\/wp-json\/wp\/v2\/users\/2"}],"replies":[{"embeddable":true,"href":"https:\/\/www.danielandjacobs.com\/da\/wp-json\/wp\/v2\/comments?post=8267"}],"version-history":[{"count":10,"href":"https:\/\/www.danielandjacobs.com\/da\/wp-json\/wp\/v2\/pages\/8267\/revisions"}],"predecessor-version":[{"id":8278,"href":"https:\/\/www.danielandjacobs.com\/da\/wp-json\/wp\/v2\/pages\/8267\/revisions\/8278"}],"wp:attachment":[{"href":"https:\/\/www.danielandjacobs.com\/da\/wp-json\/wp\/v2\/media?parent=8267"}],"curies":[{"name":"wp","href":"https:\/\/api.w.org\/{rel}","templated":true}]}}