{"id":8279,"date":"2025-12-02T12:48:09","date_gmt":"2025-12-02T11:48:09","guid":{"rendered":"https:\/\/www.danielandjacobs.com\/?page_id=8279"},"modified":"2026-02-24T08:46:57","modified_gmt":"2026-02-24T07:46:57","slug":"join-the-team-open-jobs","status":"publish","type":"page","link":"https:\/\/www.danielandjacobs.com\/da\/join-the-team-open-jobs\/","title":{"rendered":"Bliv en del af teamets ledige stillinger"},"content":{"rendered":"<div data-elementor-type=\"wp-page\" data-elementor-id=\"8279\" class=\"elementor elementor-8279\" data-elementor-post-type=\"page\">\n\t\t\t\t<div class=\"elementor-element elementor-element-6276999 elementor-hidden-desktop e-flex e-con-boxed e-con e-parent\" data-id=\"6276999\" data-element_type=\"container\" data-e-type=\"container\">\n\t\t\t\t\t<div class=\"e-con-inner\">\n\t\t<div class=\"elementor-element elementor-element-59ec9ee e-flex e-con-boxed e-con e-child\" data-id=\"59ec9ee\" data-element_type=\"container\" data-e-type=\"container\" data-settings=\"{&quot;background_background&quot;:&quot;classic&quot;}\">\n\t\t\t\t\t<div class=\"e-con-inner\">\n\t\t\t\t<div class=\"elementor-element elementor-element-6cf878f elementor-absolute elementor-widget elementor-widget-heading\" data-id=\"6cf878f\" data-element_type=\"widget\" data-e-type=\"widget\" data-settings=\"{&quot;_position&quot;:&quot;absolute&quot;}\" data-widget_type=\"heading.default\">\n\t\t\t\t<div class=\"elementor-widget-container\">\n\t\t\t\t\t<h1 class=\"elementor-heading-title elementor-size-default\">Ledige jobs<\/h1>\t\t\t\t<\/div>\n\t\t\t\t<\/div>\n\t\t\t\t\t<\/div>\n\t\t\t\t<\/div>\n\t\t\t\t\t<\/div>\n\t\t\t\t<\/div>\n\t\t<div class=\"elementor-element elementor-element-2412d2b elementor-hidden-tablet elementor-hidden-mobile e-flex e-con-boxed e-con e-parent\" data-id=\"2412d2b\" data-element_type=\"container\" data-e-type=\"container\">\n\t\t\t\t\t<div class=\"e-con-inner\">\n\t\t<div class=\"elementor-element elementor-element-3520046 e-flex e-con-boxed e-con e-child\" data-id=\"3520046\" data-element_type=\"container\" data-e-type=\"container\" data-settings=\"{&quot;background_background&quot;:&quot;classic&quot;}\">\n\t\t\t\t\t<div class=\"e-con-inner\">\n\t\t\t\t<div class=\"elementor-element elementor-element-c5a327a elementor-widget__width-initial elementor-widget elementor-widget-heading\" data-id=\"c5a327a\" data-element_type=\"widget\" data-e-type=\"widget\" data-widget_type=\"heading.default\">\n\t\t\t\t<div class=\"elementor-widget-container\">\n\t\t\t\t\t<h1 class=\"elementor-heading-title elementor-size-default\"><br><br><br><br><br><br><br>Ledige jobs<\/h1>\t\t\t\t<\/div>\n\t\t\t\t<\/div>\n\t\t\t\t\t<\/div>\n\t\t\t\t<\/div>\n\t\t\t\t\t<\/div>\n\t\t\t\t<\/div>\n\t\t<div class=\"elementor-element elementor-element-d00261d e-flex e-con-boxed e-con e-parent\" data-id=\"d00261d\" data-element_type=\"container\" data-e-type=\"container\">\n\t\t\t\t\t<div class=\"e-con-inner\">\n\t\t<div class=\"elementor-element elementor-element-3d8aeb2 e-flex e-con-boxed e-con e-child\" data-id=\"3d8aeb2\" data-element_type=\"container\" data-e-type=\"container\" data-settings=\"{&quot;background_background&quot;:&quot;classic&quot;}\">\n\t\t\t\t\t<div class=\"e-con-inner\">\n\t\t\t\t<div class=\"elementor-element elementor-element-54e1a3f elementor-widget__width-initial elementor-widget elementor-widget-text-editor\" data-id=\"54e1a3f\" data-element_type=\"widget\" data-e-type=\"widget\" data-widget_type=\"text-editor.default\">\n\t\t\t\t<div class=\"elementor-widget-container\">\n\t\t\t\t\t\t\t\t\t<p>Daniel og Jacobs lejligheder blev grundlagt i 2015 og er en familieejet operat\u00f8r af hotellejligheder og studier. Med vores st\u00e6rke blanding af personlige, lokale oplevelser og tilpasningsdygtig service, sigter vi efter at levere et b\u00e6redygtigt alternativ til masseturisme, sm\u00e5 hotelv\u00e6relser og sk\u00e6ve Airbnbs.<\/p><p>I dag driver vi over 200 fuldt udstyrede enheder, der sp\u00e6nder fra smarte studiolejligheder til luksuri\u00f8se 5-v\u00e6relses lejligheder i K\u00f8benhavn og \u00c5rhus. Flere lokationer er p\u00e5 vej.<\/p><p>Vi er drevne og fleksible, l\u00e6rer og forbedres altid, efterh\u00e5nden som vi vokser vores virksomhed og udvikler vores organisation. Vi tror p\u00e5 frihed med ansvar og s\u00e6tter en \u00e6re i at holde vores team sundt, smart og slankt.<\/p>\t\t\t\t\t\t\t\t<\/div>\n\t\t\t\t<\/div>\n\t\t\t\t\t<\/div>\n\t\t\t\t<\/div>\n\t\t<div class=\"elementor-element elementor-element-6a692db e-con-full e-flex e-con e-child\" data-id=\"6a692db\" data-element_type=\"container\" data-e-type=\"container\" data-settings=\"{&quot;background_background&quot;:&quot;classic&quot;}\">\n\t\t<div class=\"elementor-element elementor-element-cdad5ee e-con-full e-flex e-con e-child\" data-id=\"cdad5ee\" data-element_type=\"container\" data-e-type=\"container\" data-settings=\"{&quot;background_background&quot;:&quot;classic&quot;}\">\n\t\t\t\t<div class=\"elementor-element elementor-element-464516e elementor-widget elementor-widget-heading\" data-id=\"464516e\" data-element_type=\"widget\" data-e-type=\"widget\" data-widget_type=\"heading.default\">\n\t\t\t\t<div class=\"elementor-widget-container\">\n\t\t\t\t\t<h2 class=\"elementor-heading-title elementor-size-default\">Ledige stillinger<\/h2>\t\t\t\t<\/div>\n\t\t\t\t<\/div>\n\t\t<div class=\"elementor-element elementor-element-4a418fb e-flex e-con-boxed e-con e-child\" data-id=\"4a418fb\" data-element_type=\"container\" data-e-type=\"container\">\n\t\t\t\t\t<div class=\"e-con-inner\">\n\t\t\t\t<div class=\"elementor-element elementor-element-fdcace8 elementor-widget__width-initial elementor-widget elementor-widget-text-editor\" data-id=\"fdcace8\" data-element_type=\"widget\" data-e-type=\"widget\" data-widget_type=\"text-editor.default\">\n\t\t\t\t<div class=\"elementor-widget-container\">\n\t\t\t\t\t\t\t\t\t<p class=\"p1\"><strong>1. Drifts- og reng\u00f8ringskoordinator<\/strong><\/p><p>Vi s\u00f8ger en fuldtidsmedarbejder til at holde vores opbevaringsrum p\u00e6ne, vores linned i orden og vores lejligheder g\u00e6steklare \u2013 lige fra lagerbeholdning og pakning til leverancer, v\u00e6relsestjek og koordinering med entrepren\u00f8rer.\u00a0<\/p>\t\t\t\t\t\t\t\t<\/div>\n\t\t\t\t<\/div>\n\t\t\t\t<div class=\"elementor-element elementor-element-a657432 elementor-widget__width-initial elementor-widget elementor-widget-text-editor\" data-id=\"a657432\" data-element_type=\"widget\" data-e-type=\"widget\" data-widget_type=\"text-editor.default\">\n\t\t\t\t<div class=\"elementor-widget-container\">\n\t\t\t\t\t\t\t\t\t<p><a href=\"https:\/\/www.danielandjacobs.com\/da\/operations-housekeeping-coordinator\/\">Lyder det som dig? L\u00e6s mere \u2192<\/a><\/p>\t\t\t\t\t\t\t\t<\/div>\n\t\t\t\t<\/div>\n\t\t\t\t\t<\/div>\n\t\t\t\t<\/div>\n\t\t<div class=\"elementor-element elementor-element-b34ea31 e-flex e-con-boxed e-con e-child\" data-id=\"b34ea31\" data-element_type=\"container\" data-e-type=\"container\">\n\t\t\t\t\t<div class=\"e-con-inner\">\n\t\t\t\t\t<\/div>\n\t\t\t\t<\/div>\n\t\t\t\t<\/div>\n\t\t\t\t<\/div>\n\t\t\t\t\t<\/div>\n\t\t\t\t<\/div>\n\t\t<div class=\"elementor-element elementor-element-1b05d5a e-flex e-con-boxed e-con e-parent\" data-id=\"1b05d5a\" data-element_type=\"container\" data-e-type=\"container\">\n\t\t\t\t\t<div class=\"e-con-inner\">\n\t\t<div class=\"elementor-element elementor-element-b794e09 e-con-full e-flex e-con e-child\" data-id=\"b794e09\" data-element_type=\"container\" data-e-type=\"container\">\n\t\t\t\t<div class=\"elementor-element elementor-element-1b75d36 elementor-widget elementor-widget-heading\" data-id=\"1b75d36\" data-element_type=\"widget\" data-e-type=\"widget\" data-widget_type=\"heading.default\">\n\t\t\t\t<div class=\"elementor-widget-container\">\n\t\t\t\t\t<h2 class=\"elementor-heading-title elementor-size-default\">Til m\u00e5nen!<\/h2>\t\t\t\t<\/div>\n\t\t\t\t<\/div>\n\t\t\t\t<div class=\"elementor-element elementor-element-dfcc08e elementor-widget elementor-widget-text-editor\" data-id=\"dfcc08e\" data-element_type=\"widget\" data-e-type=\"widget\" data-widget_type=\"text-editor.default\">\n\t\t\t\t<div class=\"elementor-widget-container\">\n\t\t\t\t\t\t\t\t\t<p class=\"p1\">Vi er altid ivrige efter at f\u00e5 passionerede teammedlemmer med om bord. Send os venligst en e-mail p\u00e5 job@danielandjacobs.com, hvis du vil hj\u00e6lpe os med at tage Daniel&amp;Jacob&#039;s til m\u00e5nen \ud83d\ude42<\/p>\t\t\t\t\t\t\t\t<\/div>\n\t\t\t\t<\/div>\n\t\t\t\t<\/div>\n\t\t<div class=\"elementor-element elementor-element-4563dd0 e-con-full e-flex e-con e-child\" data-id=\"4563dd0\" data-element_type=\"container\" data-e-type=\"container\">\n\t\t\t\t<div class=\"elementor-element elementor-element-b1d7425 elementor-widget elementor-widget-image\" data-id=\"b1d7425\" data-element_type=\"widget\" data-e-type=\"widget\" data-widget_type=\"image.default\">\n\t\t\t\t<div class=\"elementor-widget-container\">\n\t\t\t\t\t\t\t\t\t\t\t\t\t\t\t<img fetchpriority=\"high\" decoding=\"async\" width=\"865\" height=\"1300\" src=\"https:\/\/www.danielandjacobs.com\/wp-content\/uploads\/2024\/08\/daniel-and-jacobs-aarhus.jpg\" class=\"attachment-full size-full wp-image-6702\" alt=\"\" srcset=\"https:\/\/www.danielandjacobs.com\/wp-content\/uploads\/2024\/08\/daniel-and-jacobs-aarhus.jpg 865w, https:\/\/www.danielandjacobs.com\/wp-content\/uploads\/2024\/08\/daniel-and-jacobs-aarhus-200x300.jpg 200w, https:\/\/www.danielandjacobs.com\/wp-content\/uploads\/2024\/08\/daniel-and-jacobs-aarhus-681x1024.jpg 681w, https:\/\/www.danielandjacobs.com\/wp-content\/uploads\/2024\/08\/daniel-and-jacobs-aarhus-768x1154.jpg 768w, https:\/\/www.danielandjacobs.com\/wp-content\/uploads\/2024\/08\/daniel-and-jacobs-aarhus-8x12.jpg 8w\" sizes=\"(max-width: 865px) 100vw, 865px\" \/>\t\t\t\t\t\t\t\t\t\t\t\t\t\t\t<\/div>\n\t\t\t\t<\/div>\n\t\t\t\t<\/div>\n\t\t\t\t\t<\/div>\n\t\t\t\t<\/div>\n\t\t<div class=\"elementor-element elementor-element-4c12568 e-flex e-con-boxed e-con e-parent\" data-id=\"4c12568\" data-element_type=\"container\" data-e-type=\"container\">\n\t\t\t\t\t<div class=\"e-con-inner\">\n\t\t\t\t\t<\/div>\n\t\t\t\t<\/div>\n\t\t\t\t<\/div>","protected":false},"excerpt":{"rendered":"<p>Join the team Join the team Founded in 2015, Daniel and Jacob\u2019s apartments is a family-owned operator of hotel apartments and studios. With our strong mix of personalised, local experiences and adaptive service, we aim to provide a sustainable alternative to mass tourism, small hotel rooms, and sketchy Airbnbs. Today we operate 200+ fully equipped [&hellip;]<\/p>\n","protected":false},"author":2,"featured_media":0,"parent":0,"menu_order":0,"comment_status":"closed","ping_status":"closed","template":"","meta":{"footnotes":""},"class_list":["post-8279","page","type-page","status-publish","hentry"],"_links":{"self":[{"href":"https:\/\/www.danielandjacobs.com\/da\/wp-json\/wp\/v2\/pages\/8279","targetHints":{"allow":["GET"]}}],"collection":[{"href":"https:\/\/www.danielandjacobs.com\/da\/wp-json\/wp\/v2\/pages"}],"about":[{"href":"https:\/\/www.danielandjacobs.com\/da\/wp-json\/wp\/v2\/types\/page"}],"author":[{"embeddable":true,"href":"https:\/\/www.danielandjacobs.com\/da\/wp-json\/wp\/v2\/users\/2"}],"replies":[{"embeddable":true,"href":"https:\/\/www.danielandjacobs.com\/da\/wp-json\/wp\/v2\/comments?post=8279"}],"version-history":[{"count":16,"href":"https:\/\/www.danielandjacobs.com\/da\/wp-json\/wp\/v2\/pages\/8279\/revisions"}],"predecessor-version":[{"id":8563,"href":"https:\/\/www.danielandjacobs.com\/da\/wp-json\/wp\/v2\/pages\/8279\/revisions\/8563"}],"wp:attachment":[{"href":"https:\/\/www.danielandjacobs.com\/da\/wp-json\/wp\/v2\/media?parent=8279"}],"curies":[{"name":"wp","href":"https:\/\/api.w.org\/{rel}","templated":true}]}}